{"id":277,"date":"2016-11-18T12:17:38","date_gmt":"2016-11-18T12:17:38","guid":{"rendered":"http:\/\/locaacademiafamiliar.com\/?page_id=277"},"modified":"2018-04-17T12:34:56","modified_gmt":"2018-04-17T12:34:56","slug":"qui-som","status":"publish","type":"page","link":"https:\/\/locaacademiafamiliar.com\/ca\/qui-som\/","title":{"rendered":"Qui som"},"content":{"rendered":"<p><img data-recalc-dims=\"1\" decoding=\"async\" class=\"alignnone size-full wp-image-12\" src=\"https:\/\/i0.wp.com\/locaacademiafamiliar.com\/wp-content\/uploads\/2016\/11\/PB050296.jpg?resize=1000%2C750\" alt=\"eli roser\" width=\"1000\" height=\"750\" srcset=\"https:\/\/i0.wp.com\/locaacademiafamiliar.com\/wp-content\/uploads\/2016\/11\/PB050296.jpg?w=1000&amp;ssl=1 1000w, https:\/\/i0.wp.com\/locaacademiafamiliar.com\/wp-content\/uploads\/2016\/11\/PB050296.jpg?resize=250%2C188&amp;ssl=1 250w, https:\/\/i0.wp.com\/locaacademiafamiliar.com\/wp-content\/uploads\/2016\/11\/PB050296.jpg?resize=768%2C576&amp;ssl=1 768w, https:\/\/i0.wp.com\/locaacademiafamiliar.com\/wp-content\/uploads\/2016\/11\/PB050296.jpg?resize=750%2C563&amp;ssl=1 750w, https:\/\/i0.wp.com\/locaacademiafamiliar.com\/wp-content\/uploads\/2016\/11\/PB050296.jpg?resize=380%2C285&amp;ssl=1 380w, https:\/\/i0.wp.com\/locaacademiafamiliar.com\/wp-content\/uploads\/2016\/11\/PB050296.jpg?resize=310%2C233&amp;ssl=1 310w, https:\/\/i0.wp.com\/locaacademiafamiliar.com\/wp-content\/uploads\/2016\/11\/PB050296.jpg?resize=360%2C270&amp;ssl=1 360w, https:\/\/i0.wp.com\/locaacademiafamiliar.com\/wp-content\/uploads\/2016\/11\/PB050296.jpg?resize=260%2C195&amp;ssl=1 260w\" sizes=\"(max-width: 1000px) 100vw, 1000px\" \/><\/p>\n<p><strong>Som l&#8217;<a href=\"http:\/\/locaacademiafamiliar.com\/author\/eli\/\" target=\"_blank\" rel=\"noopener\">Elisabet<\/a> i la <a href=\"http:\/\/locaacademiafamiliar.com\/author\/roser\/\" target=\"_blank\" rel=\"noopener\">Roser<\/a>, dues mares a les qual els nostres nadons ens van canviar la vida<\/strong> \u2013 com a tantes altres mares i pares. Des de llavors, sopem aviat, anem al llit aviat, ja no veiem la tele i ni tan sols sabem qu\u00e8 passa al m\u00f3n. No hi ha passejada sense un parc ni un viatge sense plans familiars. Tot perqu\u00e8 les nostres filles siguin personetes felices.<\/p>\n<p><strong>Aquest \u00e9s un blog de mares (i pares, que tamb\u00e9 s\u00f3n essencials en les nostres fam\u00edlies) per a altres mares i pares que busquen una informaci\u00f3 concreta, una resposta emp\u00edrica i una recomanaci\u00f3 de tu a tu<\/strong>. I per aix\u00f2 ens encantar\u00e0 que ens deixis la teva opini\u00f3 en forma de comentari o a trav\u00e9s de Facebook. Gr\u00e0cies!<\/p>\n<ul>\n<li><strong>L&#8217;Elisabet<\/strong>\u00a0\u00e9s diplomada en infermeria\u00a0i llevadora. Treballa\u00a0al\u00a0m\u00f3n dels\u00a0embara\u00e7os i parts\u00a0des de fa deu anys, tant en un hospital de Barcelona com en diversos\u00a0centres d&#8217;atenci\u00f3 prim\u00e0ria. \u00c9s activa, organitzada y met\u00f2dica.\u00a0\u00c9s Llevadora\u00a0Col\u00b7legiada n\u00fam. 47674.<\/li>\n<\/ul>\n<ul>\n<li><strong>La Roser<\/strong>\u00a0\u00e9s llicenciada en comunicaci\u00f3 audiovisual i tele-treballa des d&#8217;un poble de\u00a0Girona. \u00c9s viatgera, cul inquiet i somiatruites\u00a1. Des de 2007 escriu un blog de viatges\u00a0\u00a0anomenat\u00a0<a href=\"http:\/\/SempreViaggiando.com\"><strong>SempreViaggiando.com<\/strong><\/a>. \u00c9s mare d&#8217;una\u00a0nena preciosa nascuda el 2015 i d&#8217;un nen tamb\u00e9 preci\u00f3s nascut el 2017.<\/li>\n<\/ul>\n<p>Gr\u00e0cies i ens llegim a les aules!<\/p>\n<p>Ens pots contactar a trav\u00e9s de la <a href=\"http:\/\/www.facebook.com\/locaacademiafamiliar\/\"><strong>nostra p\u00e0gina de Facebook<\/strong><\/a>\u00a0i al correu\u00a0<strong>info@locaacademiafamiliar.com<\/strong><\/p>\n","protected":false},"excerpt":{"rendered":"<div class=\"mh-excerpt\"><p>Som l&#8217;Elisabet i la Roser, dues mares a les qual els nostres nadons ens van canviar la vida \u2013 com a tantes altres mares i pares. Des de llavors, sopem aviat, anem al llit aviat, ja no veiem la tele i ni tan sols sabem qu\u00e8 passa al m\u00f3n. No hi ha passejada sense un parc ni un viatge sense <a class=\"mh-excerpt-more\" href=\"https:\/\/locaacademiafamiliar.com\/ca\/qui-som\/\" title=\"Qui som\">[&#8230;]<\/a><\/p>\n<\/div>","protected":false},"author":1,"featured_media":12,"parent":0,"menu_order":0,"comment_status":"closed","ping_status":"closed","template":"","meta":{"_monsterinsights_skip_tracking":false,"_monsterinsights_sitenote_active":false,"_monsterinsights_sitenote_note":"","_monsterinsights_sitenote_category":0,"footnotes":""},"class_list":["post-277","page","type-page","status-publish","has-post-thumbnail"],"yoast_head":"<!-- This site is optimized with the Yoast SEO plugin v26.8 - https:\/\/yoast.com\/product\/yoast-seo-wordpress\/ -->\n<title>Qui som<\/title>\n<meta name=\"description\" content=\"Autores del Blog Boja Acad\u00e8mia Familiar. l&#039;Elisabet i la Roser, 2 mares que comparteixen en aquest blog trucs i consells emp\u00edricament provats sobre crian\u00e7a.\" \/>\n<meta name=\"robots\" content=\"index, follow, max-snippet:-1, max-image-preview:large, max-video-preview:-1\" \/>\n<link rel=\"canonical\" href=\"https:\/\/locaacademiafamiliar.com\/ca\/qui-som\/\" \/>\n<meta property=\"og:locale\" content=\"ca_ES\" \/>\n<meta property=\"og:type\" content=\"article\" \/>\n<meta property=\"og:title\" content=\"Qui som\" \/>\n<meta property=\"og:description\" content=\"Autores del Blog Boja Acad\u00e8mia Familiar. l&#039;Elisabet i la Roser, 2 mares que comparteixen en aquest blog trucs i consells emp\u00edricament provats sobre crian\u00e7a.\" \/>\n<meta property=\"og:url\" content=\"https:\/\/locaacademiafamiliar.com\/ca\/qui-som\/\" \/>\n<meta property=\"og:site_name\" content=\"Boja Acad\u00e8mia Familiar\" \/>\n<meta property=\"article:publisher\" content=\"https:\/\/www.facebook.com\/LocaAcademiaFamiliar\" \/>\n<meta property=\"article:modified_time\" content=\"2018-04-17T12:34:56+00:00\" \/>\n<meta property=\"og:image\" content=\"https:\/\/locaacademiafamiliar.com\/wp-content\/uploads\/2016\/11\/PB050296.jpg\" \/>\n\t<meta property=\"og:image:width\" content=\"1000\" \/>\n\t<meta property=\"og:image:height\" content=\"750\" \/>\n\t<meta property=\"og:image:type\" content=\"image\/jpeg\" \/>\n<meta name=\"twitter:card\" content=\"summary_large_image\" \/>\n<meta name=\"twitter:label1\" content=\"Temps estimat de lectura\" \/>\n\t<meta name=\"twitter:data1\" content=\"1 minut\" \/>\n<script type=\"application\/ld+json\" class=\"yoast-schema-graph\">{\"@context\":\"https:\/\/schema.org\",\"@graph\":[{\"@type\":\"WebPage\",\"@id\":\"https:\/\/locaacademiafamiliar.com\/ca\/qui-som\/\",\"url\":\"https:\/\/locaacademiafamiliar.com\/ca\/qui-som\/\",\"name\":\"Qui som\",\"isPartOf\":{\"@id\":\"https:\/\/locaacademiafamiliar.com\/ca\/#website\"},\"primaryImageOfPage\":{\"@id\":\"https:\/\/locaacademiafamiliar.com\/ca\/qui-som\/#primaryimage\"},\"image\":{\"@id\":\"https:\/\/locaacademiafamiliar.com\/ca\/qui-som\/#primaryimage\"},\"thumbnailUrl\":\"https:\/\/i0.wp.com\/locaacademiafamiliar.com\/wp-content\/uploads\/2016\/11\/PB050296.jpg?fit=1000%2C750&ssl=1\",\"datePublished\":\"2016-11-18T12:17:38+00:00\",\"dateModified\":\"2018-04-17T12:34:56+00:00\",\"description\":\"Autores del Blog Boja Acad\u00e8mia Familiar. l'Elisabet i la Roser, 2 mares que comparteixen en aquest blog trucs i consells emp\u00edricament provats sobre crian\u00e7a.\",\"breadcrumb\":{\"@id\":\"https:\/\/locaacademiafamiliar.com\/ca\/qui-som\/#breadcrumb\"},\"inLanguage\":\"ca\",\"potentialAction\":[{\"@type\":\"ReadAction\",\"target\":[\"https:\/\/locaacademiafamiliar.com\/ca\/qui-som\/\"]}]},{\"@type\":\"ImageObject\",\"inLanguage\":\"ca\",\"@id\":\"https:\/\/locaacademiafamiliar.com\/ca\/qui-som\/#primaryimage\",\"url\":\"https:\/\/i0.wp.com\/locaacademiafamiliar.com\/wp-content\/uploads\/2016\/11\/PB050296.jpg?fit=1000%2C750&ssl=1\",\"contentUrl\":\"https:\/\/i0.wp.com\/locaacademiafamiliar.com\/wp-content\/uploads\/2016\/11\/PB050296.jpg?fit=1000%2C750&ssl=1\",\"width\":1000,\"height\":750,\"caption\":\"eli roser\"},{\"@type\":\"BreadcrumbList\",\"@id\":\"https:\/\/locaacademiafamiliar.com\/ca\/qui-som\/#breadcrumb\",\"itemListElement\":[{\"@type\":\"ListItem\",\"position\":1,\"name\":\"Portada\",\"item\":\"https:\/\/locaacademiafamiliar.com\/ca\/\"},{\"@type\":\"ListItem\",\"position\":2,\"name\":\"Qui som\"}]},{\"@type\":\"WebSite\",\"@id\":\"https:\/\/locaacademiafamiliar.com\/ca\/#website\",\"url\":\"https:\/\/locaacademiafamiliar.com\/ca\/\",\"name\":\"Boja Acad\u00e8mia Familiar\",\"description\":\"El blog de crianza con el que pap\u00e1s y mam\u00e1s salen mejor preparados para su rutina familiar diaria\",\"publisher\":{\"@id\":\"https:\/\/locaacademiafamiliar.com\/ca\/#organization\"},\"potentialAction\":[{\"@type\":\"SearchAction\",\"target\":{\"@type\":\"EntryPoint\",\"urlTemplate\":\"https:\/\/locaacademiafamiliar.com\/ca\/?s={search_term_string}\"},\"query-input\":{\"@type\":\"PropertyValueSpecification\",\"valueRequired\":true,\"valueName\":\"search_term_string\"}}],\"inLanguage\":\"ca\"},{\"@type\":\"Organization\",\"@id\":\"https:\/\/locaacademiafamiliar.com\/ca\/#organization\",\"name\":\"LocaAcademiaFamiliar.com\",\"url\":\"https:\/\/locaacademiafamiliar.com\/ca\/\",\"logo\":{\"@type\":\"ImageObject\",\"inLanguage\":\"ca\",\"@id\":\"https:\/\/locaacademiafamiliar.com\/ca\/#\/schema\/logo\/image\/\",\"url\":\"https:\/\/locaacademiafamiliar.com\/wp-content\/uploads\/2020\/01\/logo-loca-academia-familiar.jpg\",\"contentUrl\":\"https:\/\/locaacademiafamiliar.com\/wp-content\/uploads\/2020\/01\/logo-loca-academia-familiar.jpg\",\"width\":960,\"height\":960,\"caption\":\"LocaAcademiaFamiliar.com\"},\"image\":{\"@id\":\"https:\/\/locaacademiafamiliar.com\/ca\/#\/schema\/logo\/image\/\"},\"sameAs\":[\"https:\/\/www.facebook.com\/LocaAcademiaFamiliar\"]}]}<\/script>\n<!-- \/ Yoast SEO plugin. -->","yoast_head_json":{"title":"Qui som","description":"Autores del Blog Boja Acad\u00e8mia Familiar. l'Elisabet i la Roser, 2 mares que comparteixen en aquest blog trucs i consells emp\u00edricament provats sobre crian\u00e7a.","robots":{"index":"index","follow":"follow","max-snippet":"max-snippet:-1","max-image-preview":"max-image-preview:large","max-video-preview":"max-video-preview:-1"},"canonical":"https:\/\/locaacademiafamiliar.com\/ca\/qui-som\/","og_locale":"ca_ES","og_type":"article","og_title":"Qui som","og_description":"Autores del Blog Boja Acad\u00e8mia Familiar. l'Elisabet i la Roser, 2 mares que comparteixen en aquest blog trucs i consells emp\u00edricament provats sobre crian\u00e7a.","og_url":"https:\/\/locaacademiafamiliar.com\/ca\/qui-som\/","og_site_name":"Boja Acad\u00e8mia Familiar","article_publisher":"https:\/\/www.facebook.com\/LocaAcademiaFamiliar","article_modified_time":"2018-04-17T12:34:56+00:00","og_image":[{"width":1000,"height":750,"url":"https:\/\/locaacademiafamiliar.com\/wp-content\/uploads\/2016\/11\/PB050296.jpg","type":"image\/jpeg"}],"twitter_card":"summary_large_image","twitter_misc":{"Temps estimat de lectura":"1 minut"},"schema":{"@context":"https:\/\/schema.org","@graph":[{"@type":"WebPage","@id":"https:\/\/locaacademiafamiliar.com\/ca\/qui-som\/","url":"https:\/\/locaacademiafamiliar.com\/ca\/qui-som\/","name":"Qui som","isPartOf":{"@id":"https:\/\/locaacademiafamiliar.com\/ca\/#website"},"primaryImageOfPage":{"@id":"https:\/\/locaacademiafamiliar.com\/ca\/qui-som\/#primaryimage"},"image":{"@id":"https:\/\/locaacademiafamiliar.com\/ca\/qui-som\/#primaryimage"},"thumbnailUrl":"https:\/\/i0.wp.com\/locaacademiafamiliar.com\/wp-content\/uploads\/2016\/11\/PB050296.jpg?fit=1000%2C750&ssl=1","datePublished":"2016-11-18T12:17:38+00:00","dateModified":"2018-04-17T12:34:56+00:00","description":"Autores del Blog Boja Acad\u00e8mia Familiar. l'Elisabet i la Roser, 2 mares que comparteixen en aquest blog trucs i consells emp\u00edricament provats sobre crian\u00e7a.","breadcrumb":{"@id":"https:\/\/locaacademiafamiliar.com\/ca\/qui-som\/#breadcrumb"},"inLanguage":"ca","potentialAction":[{"@type":"ReadAction","target":["https:\/\/locaacademiafamiliar.com\/ca\/qui-som\/"]}]},{"@type":"ImageObject","inLanguage":"ca","@id":"https:\/\/locaacademiafamiliar.com\/ca\/qui-som\/#primaryimage","url":"https:\/\/i0.wp.com\/locaacademiafamiliar.com\/wp-content\/uploads\/2016\/11\/PB050296.jpg?fit=1000%2C750&ssl=1","contentUrl":"https:\/\/i0.wp.com\/locaacademiafamiliar.com\/wp-content\/uploads\/2016\/11\/PB050296.jpg?fit=1000%2C750&ssl=1","width":1000,"height":750,"caption":"eli roser"},{"@type":"BreadcrumbList","@id":"https:\/\/locaacademiafamiliar.com\/ca\/qui-som\/#breadcrumb","itemListElement":[{"@type":"ListItem","position":1,"name":"Portada","item":"https:\/\/locaacademiafamiliar.com\/ca\/"},{"@type":"ListItem","position":2,"name":"Qui som"}]},{"@type":"WebSite","@id":"https:\/\/locaacademiafamiliar.com\/ca\/#website","url":"https:\/\/locaacademiafamiliar.com\/ca\/","name":"Boja Acad\u00e8mia Familiar","description":"El blog de crianza con el que pap\u00e1s y mam\u00e1s salen mejor preparados para su rutina familiar diaria","publisher":{"@id":"https:\/\/locaacademiafamiliar.com\/ca\/#organization"},"potentialAction":[{"@type":"SearchAction","target":{"@type":"EntryPoint","urlTemplate":"https:\/\/locaacademiafamiliar.com\/ca\/?s={search_term_string}"},"query-input":{"@type":"PropertyValueSpecification","valueRequired":true,"valueName":"search_term_string"}}],"inLanguage":"ca"},{"@type":"Organization","@id":"https:\/\/locaacademiafamiliar.com\/ca\/#organization","name":"LocaAcademiaFamiliar.com","url":"https:\/\/locaacademiafamiliar.com\/ca\/","logo":{"@type":"ImageObject","inLanguage":"ca","@id":"https:\/\/locaacademiafamiliar.com\/ca\/#\/schema\/logo\/image\/","url":"https:\/\/locaacademiafamiliar.com\/wp-content\/uploads\/2020\/01\/logo-loca-academia-familiar.jpg","contentUrl":"https:\/\/locaacademiafamiliar.com\/wp-content\/uploads\/2020\/01\/logo-loca-academia-familiar.jpg","width":960,"height":960,"caption":"LocaAcademiaFamiliar.com"},"image":{"@id":"https:\/\/locaacademiafamiliar.com\/ca\/#\/schema\/logo\/image\/"},"sameAs":["https:\/\/www.facebook.com\/LocaAcademiaFamiliar"]}]}},"jetpack_sharing_enabled":true,"amp_enabled":true,"_links":{"self":[{"href":"https:\/\/locaacademiafamiliar.com\/ca\/wp-json\/wp\/v2\/pages\/277","targetHints":{"allow":["GET"]}}],"collection":[{"href":"https:\/\/locaacademiafamiliar.com\/ca\/wp-json\/wp\/v2\/pages"}],"about":[{"href":"https:\/\/locaacademiafamiliar.com\/ca\/wp-json\/wp\/v2\/types\/page"}],"author":[{"embeddable":true,"href":"https:\/\/locaacademiafamiliar.com\/ca\/wp-json\/wp\/v2\/users\/1"}],"replies":[{"embeddable":true,"href":"https:\/\/locaacademiafamiliar.com\/ca\/wp-json\/wp\/v2\/comments?post=277"}],"version-history":[{"count":0,"href":"https:\/\/locaacademiafamiliar.com\/ca\/wp-json\/wp\/v2\/pages\/277\/revisions"}],"wp:featuredmedia":[{"embeddable":true,"href":"https:\/\/locaacademiafamiliar.com\/ca\/wp-json\/wp\/v2\/media\/12"}],"wp:attachment":[{"href":"https:\/\/locaacademiafamiliar.com\/ca\/wp-json\/wp\/v2\/media?parent=277"}],"curies":[{"name":"wp","href":"https:\/\/api.w.org\/{rel}","templated":true}]}}